{"id":845,"date":"2022-07-31T18:15:05","date_gmt":"2022-07-31T19:15:05","guid":{"rendered":"https:\/\/www.bogensport-friesach.at\/?page_id=845"},"modified":"2023-08-05T14:14:53","modified_gmt":"2023-08-05T15:14:53","slug":"neuer-parcours","status":"publish","type":"page","link":"https:\/\/www.bogensport-friesach.at\/","title":{"rendered":"Neuer Parcours"},"content":{"rendered":"\n<p class=\"has-large-font-size\"><strong>BESUCHE UNSEREN 3D PARCOURS LORENZENBERG!<\/strong><\/p>\n\n\n\n<p>Der Bogensportverein Friesach betreibt seit Anfang Mai 2022 einen \u00f6ffentlichen 3D Parcours mit 31 Tieren in einem Hochwald, 1000 m \u00fcber Micheldorf\/Hirt. Das Gel\u00e4nde ist anspruchsvoll, aber trotzdem gut zu meistern, durch die H\u00f6he ist der Parcours auch bei sommerlicher Hitze angenehm zu begehen. Mit einer L\u00e4nge von fast drei Kilometern, zwei Labe-Stationen und ausreichend Parkpl\u00e4tzen l\u00e4dt der Parcours ein, sich doch mal umzusehen. Wir freuen uns auf Euch!<\/p>\n\n\n\n<p>Der Parcours ist im Sommer von 9 &#8211; 18 Uhr ge\u00f6ffnet, im Winter von 9 &#8211; 16 Uhr<\/p>\n\n\n\n<p>Tageskarten k\u00f6nnen vor Ort gel\u00f6st werden, alle anderen Geb\u00fchren bitte nach pers\u00f6nlicher Absprache mit dem Obmann begleichen.<br><a href=\"https:\/\/www.bogensport-friesach.at\/index.php\/parcours-lorenzenberg\/\">Preise findet ihr hier<\/a><\/p>\n\n\n\n<h2 id=\"youtube-beitrag-von-pink-archery\"><strong>Youtube Beitrag von Pink Archery<\/strong><\/h2>\n\n\n\n<p>Im Herbst waren die Archery Sisters von Pink Archery bei uns auf Besuch und haben unseren Parcours Lorenzenberg in ihrem Youtube Video vom 24. M\u00e4rz 2023 vorgestellt:<\/p>\n\n\n\n<figure class=\"wp-block-embed is-type-video is-provider-youtube wp-block-embed-youtube wp-embed-aspect-16-9 wp-has-aspect-ratio\"><div class=\"wp-block-embed__wrapper\">\n<iframe loading=\"lazy\" title=\"AABS Friesach K\u00e4rnten - Archery Sisters\" width=\"600\" height=\"338\" src=\"https:\/\/www.youtube.com\/embed\/VqS5qigNI6o?feature=oembed\" frameborder=\"0\" allow=\"accelerometer; autoplay; clipboard-write; encrypted-media; gyroscope; picture-in-picture; web-share\" allowfullscreen><\/iframe>\n<\/div><\/figure>\n\n\n\n<h2 id=\"so-findet-ihr-uns\"><strong>So findet ihr uns:<\/strong><\/h2>\n\n\n\n<p>Ab Micheldorf folgt ihr den roten Wegweisern zum 3D Parcours.<br><a href=\"https:\/\/www.google.at\/maps\/dir\/\/46.9283049,14.4474051\/\">Koordinaten: 46\u00b055&#8217;41.9&#8243;N 14\u00b026&#8217;50.6&#8243;E<\/a><\/p>\n\n\n\n<figure class=\"wp-block-image size-full\"><img decoding=\"async\" loading=\"lazy\" width=\"1024\" height=\"353\" src=\"https:\/\/www.bogensport-friesach.at\/wp-content\/uploads\/2022\/08\/Wegweiser.jpg\" alt=\"\" class=\"wp-image-857\" srcset=\"https:\/\/www.bogensport-friesach.at\/wp-content\/uploads\/2022\/08\/Wegweiser.jpg 1024w, https:\/\/www.bogensport-friesach.at\/wp-content\/uploads\/2022\/08\/Wegweiser-300x103.jpg 300w, https:\/\/www.bogensport-friesach.at\/wp-content\/uploads\/2022\/08\/Wegweiser-768x265.jpg 768w\" sizes=\"(max-width: 1024px) 100vw, 1024px\" \/><\/figure>\n\n\n\n<p><\/p>\n","protected":false},"excerpt":{"rendered":"<p> [&hellip;]<\/p>\n","protected":false},"author":1,"featured_media":849,"parent":0,"menu_order":0,"comment_status":"closed","ping_status":"closed","template":"","meta":[],"_links":{"self":[{"href":"https:\/\/www.bogensport-friesach.at\/index.php\/wp-json\/wp\/v2\/pages\/845"}],"collection":[{"href":"https:\/\/www.bogensport-friesach.at\/index.php\/wp-json\/wp\/v2\/pages"}],"about":[{"href":"https:\/\/www.bogensport-friesach.at\/index.php\/wp-json\/wp\/v2\/types\/page"}],"author":[{"embeddable":true,"href":"https:\/\/www.bogensport-friesach.at\/index.php\/wp-json\/wp\/v2\/users\/1"}],"replies":[{"embeddable":true,"href":"https:\/\/www.bogensport-friesach.at\/index.php\/wp-json\/wp\/v2\/comments?post=845"}],"version-history":[{"count":17,"href":"https:\/\/www.bogensport-friesach.at\/index.php\/wp-json\/wp\/v2\/pages\/845\/revisions"}],"predecessor-version":[{"id":908,"href":"https:\/\/www.bogensport-friesach.at\/index.php\/wp-json\/wp\/v2\/pages\/845\/revisions\/908"}],"wp:featuredmedia":[{"embeddable":true,"href":"https:\/\/www.bogensport-friesach.at\/index.php\/wp-json\/wp\/v2\/media\/849"}],"wp:attachment":[{"href":"https:\/\/www.bogensport-friesach.at\/index.php\/wp-json\/wp\/v2\/media?parent=845"}],"curies":[{"name":"wp","href":"https:\/\/api.w.org\/{rel}","templated":true}]}}