{"id":239,"date":"2017-08-03T09:42:50","date_gmt":"2017-08-03T10:42:50","guid":{"rendered":"http:\/\/hockey.undefined.at\/wordpress\/?page_id=239"},"modified":"2022-02-09T20:10:00","modified_gmt":"2022-02-09T21:10:00","slug":"mitglied-werden","status":"publish","type":"page","link":"https:\/\/www.bogensport-friesach.at\/index.php\/verein\/mitglied-werden\/","title":{"rendered":"Mitglied werden"},"content":{"rendered":"<p style=\"font-weight: 300;\"><strong>Die Mitgliedschaft in unserem Verein basiert zu 99,9% auf Sympathie!<\/strong><\/p>\n<p style=\"font-weight: 300;\">Wir sind ein gemeinn\u00fctziger Verein, sch\u00e4tzen unsere Freundschaften und\u00a0betreiben diesen Sport wie auch den Verein aus Spa\u00df an der Freude.\u00a0Somit ist es selbstredend, dass wir uns nicht an hohe Mitgliederzahlen orientieren,\u00a0sondern diesen sch\u00f6nen Sport mit Freunden und Gleichgesinnten aus\u00fcben wollen.\u00a0Sollte jemand der Meinung sein, sich in dieser Gruppe wiederzufinden ist jeder herzlich\u00a0eingeladen mich (Peter) anzurufen.\u00a0Zu unserer Ausrichtung, sollte es in der Homepage noch nicht so herauskommen,\u00a0ist traditionell jedoch nicht zur\u00fcckgeblieben.<\/p>\n<p style=\"font-weight: 300;\">Im Verein sind alle Bogenklassen vertreten und so k\u00f6nnen wir euch auch gut informieren und unterst\u00fctzen!<\/p>\n<p>F\u00fcr eine Mitgliedschaft bitten wir euch, die Beitrittserkl\u00e4rung sowie die Informationen zur Datenschutz-Grundverordnung (Artikel 13 DSVGO) auszuf\u00fcllen, zu unterschreiben und an <a href=\"mailto:aabsfriesach@gmail.com\">Peter Wieser<\/a> zu schicken.<\/p>\n<p>Informationen zu den Mitgliedsbeitr\u00e4gen findet ihr <a href=\"https:\/\/www.bogensport-friesach.at\/index.php\/mitgliedsbeitrag\/\">hier<\/a>.<\/p>\n<p><div class=\"row\"><\/div><div class=\"col-md-5\"><a target=\"_self\" href=\"\/wp-content\/uploads\/2022\/02\/Beitrittserklaerung_2022.pdf\" class=\"btn btn-danger btn-lg\"><i class=\"icon-pencil\"><\/i> Beitrittserkl\u00e4rung<\/a>\u00a0\u00a0<a target=\"_self\" href=\"\/wp-content\/uploads\/2022\/02\/180509_Beitrittserklaerung_Information_nach_DSGVO_0.pdf\" class=\"btn btn-danger btn-lg\"><i class=\"icon-exclamation-sign\"><\/i> Datenschutz<\/a><\/div><\/p>\n<p style=\"font-weight: 300;\">\n","protected":false},"excerpt":{"rendered":"<p> [&hellip;]<\/p>\n","protected":false},"author":1,"featured_media":0,"parent":163,"menu_order":0,"comment_status":"closed","ping_status":"closed","template":"","meta":[],"_links":{"self":[{"href":"https:\/\/www.bogensport-friesach.at\/index.php\/wp-json\/wp\/v2\/pages\/239"}],"collection":[{"href":"https:\/\/www.bogensport-friesach.at\/index.php\/wp-json\/wp\/v2\/pages"}],"about":[{"href":"https:\/\/www.bogensport-friesach.at\/index.php\/wp-json\/wp\/v2\/types\/page"}],"author":[{"embeddable":true,"href":"https:\/\/www.bogensport-friesach.at\/index.php\/wp-json\/wp\/v2\/users\/1"}],"replies":[{"embeddable":true,"href":"https:\/\/www.bogensport-friesach.at\/index.php\/wp-json\/wp\/v2\/comments?post=239"}],"version-history":[{"count":51,"href":"https:\/\/www.bogensport-friesach.at\/index.php\/wp-json\/wp\/v2\/pages\/239\/revisions"}],"predecessor-version":[{"id":818,"href":"https:\/\/www.bogensport-friesach.at\/index.php\/wp-json\/wp\/v2\/pages\/239\/revisions\/818"}],"up":[{"embeddable":true,"href":"https:\/\/www.bogensport-friesach.at\/index.php\/wp-json\/wp\/v2\/pages\/163"}],"wp:attachment":[{"href":"https:\/\/www.bogensport-friesach.at\/index.php\/wp-json\/wp\/v2\/media?parent=239"}],"curies":[{"name":"wp","href":"https:\/\/api.w.org\/{rel}","templated":true}]}}