{"id":165,"date":"2017-08-02T15:07:34","date_gmt":"2017-08-02T16:07:34","guid":{"rendered":"http:\/\/hockey.undefined.at\/wordpress\/?page_id=165"},"modified":"2017-08-29T09:13:42","modified_gmt":"2017-08-29T10:13:42","slug":"parcours","status":"publish","type":"page","link":"https:\/\/www.bogensport-friesach.at\/index.php\/parcours\/","title":{"rendered":"Parcours"},"content":{"rendered":"<h1><b><strong>PARCOURSREGELN DES\u00a0<\/strong><\/b><b><strong>ARB\u00d6-ASK\u00d6 BOGENSPORT FRIESACH<\/strong><\/b><\/h1>\n<h2 style=\"font-weight: 300;\"><u>Haftung:<\/u><\/h2>\n<ul style=\"font-weight: 300;\">\n<li>Der AABS-FRIESACH wie auch der Grundst\u00fcckseigent\u00fcmer \u00fcbernehmen keinerlei wie auch immer gearteten Haftungs- oder Ersatzanspr\u00fcche bei Unf\u00e4llen mit Sach- oder Personensch\u00e4den!<\/li>\n<li>Das Betreten und Ben\u00fctzen des Platzes und des Parcours erfolgt auf eigene Gefahr und Verantwortung!<\/li>\n<\/ul>\n<h2 style=\"font-weight: 300;\"><u>Nutzungsberechtigt<\/u>:<\/h2>\n<ul style=\"font-weight: 300;\">\n<li>\u00a0Mitglieder des AABS-FRIESACH.<\/li>\n<li>G\u00e4ste und Teilnehmer an Veranstaltungen des AABS-FRIESACH.<\/li>\n<li>Die Nutzung des Parcours von Mitgliedern unter dem vollendeten 16. Lebensjahr ist nur im Beisein eines Erwachsenen erlaubt.<\/li>\n<\/ul>\n<h2 style=\"font-weight: 300;\"><u>Verhalten am Parcours<\/u>:<\/h2>\n<h3 style=\"font-weight: 300;\">Gebote:<\/h3>\n<ul style=\"font-weight: 300;\">\n<li>Jeder Sch\u00fctze haftet f\u00fcr den von ihm abgegebenen Schuss und dessen Auswirkungen.<\/li>\n<li>Die Hauptschussrichtungen (Abschusspflock \u2013 Ziel) ist einzuhalten.<\/li>\n<li>Der Bogen darf nur an der Schusslinie\/Abschusspflock in Richtung Ziel gespannt werden.<\/li>\n<li>Vor dem Schie\u00dfen hat sich jeder Sch\u00fctze davon zu \u00fcberzeugen, dass Schussfeld und Sicherheitszone (hinter den Zielen) frei sind.<\/li>\n<li>Am Parcours herrscht Disziplin und Sauberkeit \u2013 M\u00fcll ist selbst zu entsorgen &#8211; auch \u201ePfleilschrott\u201c.<\/li>\n<\/ul>\n<h3 style=\"font-weight: 300;\">Verbote:<\/h3>\n<ul style=\"font-weight: 300;\">\n<li>\u00a0Ist das Ziel nicht eindeutig erkennbar (z.B. Nebel) oder besteht der Verdacht, dass im Schussfeld eine Gef\u00e4hrdung f\u00fcr Personen oder Tiere besteht (Ger\u00e4usche) ist das Schie\u00dfen verboten.<\/li>\n<li>\u00a0Es ist verboten auf etwas anderes als auf die errichteten Ziele zu schie\u00dfen.<\/li>\n<li>Sch\u00fcsse \u201ein die Luft\u201c = \u00a0Hochanschlag.<\/li>\n<li>Gegen die Parcours-Richtung gehen.<\/li>\n<\/ul>\n<h2 style=\"font-weight: 300;\"><u>Zusammenleben<\/u>:<\/h2>\n<p style=\"font-weight: 300;\">Der Wald ist ein Erholungsgebiet f\u00fcr alle!<\/p>\n<p style=\"font-weight: 300;\">So wie wir Bogensch\u00fctzen von den anderen Nutzern dieses Gebietes wie L\u00e4ufer, Walker, Spazierg\u00e4ngern oder einfach Natur-Genie\u00dfern erwarten sich an die markierten Wege zu halten, ist es unsere Aufgabe die Ordnung und Sicherheit w\u00e4hrend der Aus\u00fcbung unseres Hobbys zu gew\u00e4hrleisten.<\/p>\n<p style=\"font-weight: 300;\">Erweisen alle Beteiligten sich den gegenseitigen Respekt und das n\u00f6tige Verst\u00e4ndnis f\u00fcr ihr jeweiliges Hobby, wird die Bogensportanlage des AABS-FRIESACH ein weiteres Erholungs- und Sportangebot f\u00fcr unsere Heimatgemeinde und deren G\u00e4ste darstellen!<\/p>\n","protected":false},"excerpt":{"rendered":"<p> [&hellip;]<\/p>\n","protected":false},"author":1,"featured_media":456,"parent":0,"menu_order":0,"comment_status":"closed","ping_status":"closed","template":"","meta":[],"_links":{"self":[{"href":"https:\/\/www.bogensport-friesach.at\/index.php\/wp-json\/wp\/v2\/pages\/165"}],"collection":[{"href":"https:\/\/www.bogensport-friesach.at\/index.php\/wp-json\/wp\/v2\/pages"}],"about":[{"href":"https:\/\/www.bogensport-friesach.at\/index.php\/wp-json\/wp\/v2\/types\/page"}],"author":[{"embeddable":true,"href":"https:\/\/www.bogensport-friesach.at\/index.php\/wp-json\/wp\/v2\/users\/1"}],"replies":[{"embeddable":true,"href":"https:\/\/www.bogensport-friesach.at\/index.php\/wp-json\/wp\/v2\/comments?post=165"}],"version-history":[{"count":10,"href":"https:\/\/www.bogensport-friesach.at\/index.php\/wp-json\/wp\/v2\/pages\/165\/revisions"}],"predecessor-version":[{"id":497,"href":"https:\/\/www.bogensport-friesach.at\/index.php\/wp-json\/wp\/v2\/pages\/165\/revisions\/497"}],"wp:featuredmedia":[{"embeddable":true,"href":"https:\/\/www.bogensport-friesach.at\/index.php\/wp-json\/wp\/v2\/media\/456"}],"wp:attachment":[{"href":"https:\/\/www.bogensport-friesach.at\/index.php\/wp-json\/wp\/v2\/media?parent=165"}],"curies":[{"name":"wp","href":"https:\/\/api.w.org\/{rel}","templated":true}]}}